{"id":1307,"date":"2014-05-12T08:17:03","date_gmt":"2014-05-12T08:17:03","guid":{"rendered":"http:\/\/www.cremeneanu.ro\/?page_id=1307"},"modified":"2025-01-15T13:50:56","modified_gmt":"2025-01-15T13:50:56","slug":"o-petrecere-reusita","status":"publish","type":"page","link":"https:\/\/www.cremeneanu.ro\/?page_id=1307","title":{"rendered":"Oferta"},"content":{"rendered":"\n<figure class=\"wp-block-image\"><img decoding=\"async\" src=\"https:\/\/www.cremeneanu.ro\/wp-content\/uploads\/2018\/08\/DJ-Lulu-Palazzo-Romprofix-2017-3.jpg\" alt=\"\"\/><\/figure>\n\n\n\n<p><\/p>\n\n\n\n<p class=\"has-text-align-center\"><strong>Sunt DJ Lulu \u0219i v\u0103 ofer:<\/strong><\/p>\n\n\n\n<p><\/p>\n\n\n\n<p class=\"has-text-align-center has-regular-font-size\"><strong>program muzical adaptat fiec\u0103rei petreceri \u00een parte<\/strong><\/p>\n\n\n\n<p class=\"has-text-align-center has-regular-font-size\"><strong>flexibilitate \u00een selectarea melodiilor<\/strong><\/p>\n\n\n\n<p class=\"has-text-align-center has-regular-font-size\"><strong>instala\u0163ie de sonorizare optimizat\u0103 pentru fiecare spa\u0163iu \u00een parte<\/strong><\/p>\n\n\n\n<p class=\"has-text-align-center has-regular-font-size\"><strong>instala\u0163ie de lumini pentru ringul de dans\u00a0\u015fi\u00a0lumini ambientale<\/strong><\/p>\n\n\n\n<p class=\"has-text-align-center has-regular-font-size\"><strong>serviciile de MC &#8211; prezentare \u00een limbile rom\u00e2n\u0103 \u015fi englez\u0103<\/strong><\/p>\n\n\n\n<p class=\"has-text-align-center has-regular-font-size\"><strong><a href=\"https:\/\/www.cremeneanu.ro\/?page_id=1492\">karaoke<\/a> (peste 10.000 de c\u00e2ntece)<\/strong><\/p>\n\n\n\n<p class=\"has-text-align-center has-regular-font-size\"><strong>sfaturi \u015fi recomand\u0103ri pentru o petrecere reu\u015fit\u0103<\/strong><\/p>\n\n\n\n<p><\/p>\n<div class=\"fcbkbttn_buttons_block\" id=\"fcbkbttn_left\"><div class=\"fcbkbttn_button\">\n\t\t\t\t\t<a href=\"https:\/\/www.facebook.com\/\" target=\"_blank\">\n\t\t\t\t\t\t<img decoding=\"async\" src=\"https:\/\/www.cremeneanu.ro\/wp-content\/plugins\/facebook-button-plugin\/images\/large-facebook-ico.png\" alt=\"Fb-Button\" \/>\n\t\t\t\t\t<\/a>\n\t\t\t\t<\/div><div class=\"fcbkbttn_like fcbkbttn_large_button\"><fb:like href=\"https:\/\/www.cremeneanu.ro\/?page_id=1307\" action=\"like\" colorscheme=\"light\" layout=\"button_count\"  size=\"large\"><\/fb:like><\/div><div class=\"fb-share-button fcbkbttn_large_button \" data-href=\"https:\/\/www.cremeneanu.ro\/?page_id=1307\" data-type=\"button_count\" data-size=\"large\"><\/div><\/div>","protected":false},"excerpt":{"rendered":"<p>Sunt DJ Lulu \u0219i v\u0103 ofer: program muzical adaptat fiec\u0103rei petreceri \u00een parte flexibilitate \u00een [&hellip;]<\/p>\n","protected":false},"author":3,"featured_media":0,"parent":0,"menu_order":2,"comment_status":"open","ping_status":"open","template":"","meta":{"_regular_price":[],"currency_symbol":[],"footnotes":""},"class_list":["post-1307","page","type-page","status-publish","hentry"],"post_slider_layout_featured_media_urls":{"thumbnail":"","post_slider_layout_landscape_large":"","post_slider_layout_portrait_large":"","post_slider_layout_square_large":"","post_slider_layout_landscape":"","post_slider_layout_portrait":"","post_slider_layout_square":"","full":""},"_links":{"self":[{"href":"https:\/\/www.cremeneanu.ro\/index.php?rest_route=\/wp\/v2\/pages\/1307","targetHints":{"allow":["GET"]}}],"collection":[{"href":"https:\/\/www.cremeneanu.ro\/index.php?rest_route=\/wp\/v2\/pages"}],"about":[{"href":"https:\/\/www.cremeneanu.ro\/index.php?rest_route=\/wp\/v2\/types\/page"}],"author":[{"embeddable":true,"href":"https:\/\/www.cremeneanu.ro\/index.php?rest_route=\/wp\/v2\/users\/3"}],"replies":[{"embeddable":true,"href":"https:\/\/www.cremeneanu.ro\/index.php?rest_route=%2Fwp%2Fv2%2Fcomments&post=1307"}],"version-history":[{"count":3,"href":"https:\/\/www.cremeneanu.ro\/index.php?rest_route=\/wp\/v2\/pages\/1307\/revisions"}],"predecessor-version":[{"id":1765,"href":"https:\/\/www.cremeneanu.ro\/index.php?rest_route=\/wp\/v2\/pages\/1307\/revisions\/1765"}],"wp:attachment":[{"href":"https:\/\/www.cremeneanu.ro\/index.php?rest_route=%2Fwp%2Fv2%2Fmedia&parent=1307"}],"curies":[{"name":"wp","href":"https:\/\/api.w.org\/{rel}","templated":true}]}}