{"id":1317,"date":"2014-05-12T08:32:38","date_gmt":"2014-05-12T08:32:38","guid":{"rendered":"http:\/\/www.cremeneanu.ro\/?page_id=1317"},"modified":"2025-01-15T13:56:29","modified_gmt":"2025-01-15T13:56:29","slug":"reguli","status":"publish","type":"page","link":"https:\/\/www.cremeneanu.ro\/?page_id=1317","title":{"rendered":"Recomand\u0103ri"},"content":{"rendered":"\n<figure class=\"wp-block-image\"><img decoding=\"async\" src=\"https:\/\/www.cremeneanu.ro\/wp-content\/uploads\/2018\/08\/DJ-Lulu-in-the-mix-by-Lucian-Borza.jpg\" alt=\"\"\/><\/figure>\n\n\n\n<p><\/p>\n\n\n\n<p class=\"has-text-align-center\"><strong>Un program muzical ideal se construie\u015fte la fa\u0163a locului, \u00een func\u0163ie de invita\u0163i \u015fi dorin\u0163ele lor. <\/strong><\/p>\n\n\n\n<p class=\"has-text-align-center\"><strong>Suverani \u00een alegerea genului de petrecere sunt, totu\u0219i, organizatorii;<\/strong><\/p>\n\n\n\n<p class=\"has-text-align-center\"><strong>Volumul muzicii trebuie reglat cu grij\u0103 &#8211; s\u0103 se aud\u0103 bine \u00een ring, s\u0103 se poat\u0103 discuta la mas\u0103.<\/strong><\/p>\n\n\n\n<p class=\"has-text-align-center\"><strong>O petrecere la care oaspe\u0163ii nu pot comunica este un fiasco;<\/strong><\/p>\n\n\n\n<p class=\"has-text-align-center\"><strong>Echilibrul este cel mai important \u00eentr-un program muzical <\/strong><\/p>\n\n\n\n<p class=\"has-text-align-center\"><strong>&#8211; nimic prea pu\u0163in, nimic \u00een exces, hituri noi \u015fi vechi deopotriv\u0103, din genuri diverse.<\/strong><\/p>\n\n\n\n<p class=\"has-text-align-center\"><strong>Suntem diferi\u0163i, ne plac genuri diferite <\/strong><\/p>\n\n\n\n<p class=\"has-text-align-center\"><strong>&#8211; toleran\u0163a fa\u0163\u0103 de gusturile celuilalt este esen\u0163ial\u0103 pentru reu\u015fita unei petreceri;<\/strong><\/p>\n\n\n\n<p class=\"has-text-align-center\"><strong>Ca DJ e bine s\u0103 fii deschis la sugestiile invita\u0163ilor, <\/strong><\/p>\n\n\n\n<p class=\"has-text-align-center\"><strong>dar responsabilitatea programului muzical este a ta, nu a lor.<\/strong><\/p>\n<div class=\"fcbkbttn_buttons_block\" id=\"fcbkbttn_left\"><div class=\"fcbkbttn_button\">\n\t\t\t\t\t<a href=\"https:\/\/www.facebook.com\/\" target=\"_blank\">\n\t\t\t\t\t\t<img decoding=\"async\" src=\"https:\/\/www.cremeneanu.ro\/wp-content\/plugins\/facebook-button-plugin\/images\/large-facebook-ico.png\" alt=\"Fb-Button\" \/>\n\t\t\t\t\t<\/a>\n\t\t\t\t<\/div><div class=\"fcbkbttn_like fcbkbttn_large_button\"><fb:like href=\"https:\/\/www.cremeneanu.ro\/?page_id=1317\" action=\"like\" colorscheme=\"light\" layout=\"button_count\"  size=\"large\"><\/fb:like><\/div><div class=\"fb-share-button fcbkbttn_large_button \" data-href=\"https:\/\/www.cremeneanu.ro\/?page_id=1317\" data-type=\"button_count\" data-size=\"large\"><\/div><\/div>","protected":false},"excerpt":{"rendered":"<p>Un program muzical ideal se construie\u015fte la fa\u0163a locului, \u00een func\u0163ie de invita\u0163i \u015fi dorin\u0163ele [&hellip;]<\/p>\n","protected":false},"author":3,"featured_media":0,"parent":0,"menu_order":3,"comment_status":"open","ping_status":"closed","template":"","meta":{"_regular_price":[],"currency_symbol":[],"footnotes":""},"class_list":["post-1317","page","type-page","status-publish","hentry"],"post_slider_layout_featured_media_urls":{"thumbnail":"","post_slider_layout_landscape_large":"","post_slider_layout_portrait_large":"","post_slider_layout_square_large":"","post_slider_layout_landscape":"","post_slider_layout_portrait":"","post_slider_layout_square":"","full":""},"_links":{"self":[{"href":"https:\/\/www.cremeneanu.ro\/index.php?rest_route=\/wp\/v2\/pages\/1317","targetHints":{"allow":["GET"]}}],"collection":[{"href":"https:\/\/www.cremeneanu.ro\/index.php?rest_route=\/wp\/v2\/pages"}],"about":[{"href":"https:\/\/www.cremeneanu.ro\/index.php?rest_route=\/wp\/v2\/types\/page"}],"author":[{"embeddable":true,"href":"https:\/\/www.cremeneanu.ro\/index.php?rest_route=\/wp\/v2\/users\/3"}],"replies":[{"embeddable":true,"href":"https:\/\/www.cremeneanu.ro\/index.php?rest_route=%2Fwp%2Fv2%2Fcomments&post=1317"}],"version-history":[{"count":3,"href":"https:\/\/www.cremeneanu.ro\/index.php?rest_route=\/wp\/v2\/pages\/1317\/revisions"}],"predecessor-version":[{"id":1770,"href":"https:\/\/www.cremeneanu.ro\/index.php?rest_route=\/wp\/v2\/pages\/1317\/revisions\/1770"}],"wp:attachment":[{"href":"https:\/\/www.cremeneanu.ro\/index.php?rest_route=%2Fwp%2Fv2%2Fmedia&parent=1317"}],"curies":[{"name":"wp","href":"https:\/\/api.w.org\/{rel}","templated":true}]}}